{"id":22,"date":"2021-03-12T18:55:54","date_gmt":"2021-03-12T18:55:54","guid":{"rendered":"https:\/\/demo.twentig.com\/lutece\/?page_id=22"},"modified":"2021-05-01T13:09:54","modified_gmt":"2021-05-01T13:09:54","slug":"drinks","status":"publish","type":"page","link":"https:\/\/demo.twentig.com\/lutece\/drinks\/","title":{"rendered":"Our drinks"},"content":{"rendered":"\n<div class=\"wp-block-group alignfull\"><div class=\"wp-block-group__inner-container is-layout-flow wp-block-group-is-layout-flow\">\n<div class=\"wp-block-media-text alignwide is-stacked-on-mobile tw-stack-md\" style=\"grid-template-columns:49% auto\"><figure class=\"wp-block-media-text__media\"><img loading=\"lazy\" decoding=\"async\" width=\"600\" height=\"600\" src=\"https:\/\/demo.twentig.com\/lutece\/wp-content\/uploads\/sites\/3\/2021\/03\/drinks-02-600x600.jpg\" alt=\"\" class=\"wp-image-24 size-medium\" srcset=\"https:\/\/demo.twentig.com\/lutece\/wp-content\/uploads\/sites\/3\/2021\/03\/drinks-02-600x600.jpg 600w, https:\/\/demo.twentig.com\/lutece\/wp-content\/uploads\/sites\/3\/2021\/03\/drinks-02.jpg 1200w, https:\/\/demo.twentig.com\/lutece\/wp-content\/uploads\/sites\/3\/2021\/03\/drinks-02-150x150.jpg 150w, https:\/\/demo.twentig.com\/lutece\/wp-content\/uploads\/sites\/3\/2021\/03\/drinks-02-768x768.jpg 768w\" sizes=\"auto, (max-width: 600px) 100vw, 600px\" \/><\/figure><div class=\"wp-block-media-text__content\">\n<h2 class=\"tw-heading-dash-bottom wp-block-heading\">Cocktails<\/h2>\n\n\n\n<figure class=\"wp-block-table is-style-tw-border-h-inner tw-row-valign-top\"><table><tbody><tr><td><strong>Seventy five<\/strong><br><em>Phasellus, et vulputate nulla, in fermentum<\/em><\/td><td class=\"has-text-align-right\" data-align=\"right\">$10<\/td><\/tr><tr><td><strong>Kir royal<\/strong><br><em>Donec, in ante, elit metus<\/em><\/td><td class=\"has-text-align-right\" data-align=\"right\">$8<\/td><\/tr><tr><td><strong>Boulevardier<\/strong><br><em>Morbi urna metus, fermentum, vel risus<\/em><\/td><td class=\"has-text-align-right\" data-align=\"right\">$9<\/td><\/tr><tr><td><strong>Mimosa<\/strong><br><em>Suspendisse, ac libero vestibulum, ultrices<\/em><\/td><td class=\"has-text-align-right\" data-align=\"right\">$8<\/td><\/tr><\/tbody><\/table><\/figure>\n<\/div><\/div>\n\n\n\n<div class=\"wp-block-media-text alignwide has-media-on-the-right is-stacked-on-mobile tw-stack-md\" style=\"grid-template-columns:auto 49%\"><figure class=\"wp-block-media-text__media\"><img loading=\"lazy\" decoding=\"async\" width=\"600\" height=\"600\" src=\"https:\/\/demo.twentig.com\/lutece\/wp-content\/uploads\/sites\/3\/2021\/03\/drinks-03-600x600.jpg\" alt=\"\" class=\"wp-image-25 size-medium\" srcset=\"https:\/\/demo.twentig.com\/lutece\/wp-content\/uploads\/sites\/3\/2021\/03\/drinks-03-600x600.jpg 600w, https:\/\/demo.twentig.com\/lutece\/wp-content\/uploads\/sites\/3\/2021\/03\/drinks-03.jpg 1200w, https:\/\/demo.twentig.com\/lutece\/wp-content\/uploads\/sites\/3\/2021\/03\/drinks-03-150x150.jpg 150w, https:\/\/demo.twentig.com\/lutece\/wp-content\/uploads\/sites\/3\/2021\/03\/drinks-03-768x768.jpg 768w\" sizes=\"auto, (max-width: 600px) 100vw, 600px\" \/><\/figure><div class=\"wp-block-media-text__content\">\n<h2 class=\"tw-heading-dash-bottom wp-block-heading\">Soft drinks<\/h2>\n\n\n\n<figure class=\"wp-block-table is-style-tw-border-h-inner tw-row-valign-top\"><table><tbody><tr><td><strong>Limonade framboise<\/strong><br><em>Aliquam feugiat, ligula maximus, risus<\/em><\/td><td class=\"has-text-align-right\" data-align=\"right\">$7<\/td><\/tr><tr><td><strong>Th\u00e9 glac\u00e9<\/strong><br><em>Aenean pretium, maximus varius<\/em><\/td><td class=\"has-text-align-right\" data-align=\"right\">$6<\/td><\/tr><tr><td><strong>Nojito<\/strong><br><em>Aenean condimentum, elit nec, vestibulum diam<\/em><\/td><td class=\"has-text-align-right\" data-align=\"right\">$6<\/td><\/tr><tr><td><strong>Jus d&#8217;orange press\u00e9<\/strong><br><em>Quis mattis, mauris lorem, et eu tortor<\/em><\/td><td class=\"has-text-align-right\" data-align=\"right\">$4<\/td><\/tr><\/tbody><\/table><\/figure>\n<\/div><\/div>\n\n\n\n<div class=\"wp-block-media-text alignwide is-stacked-on-mobile tw-stack-md\" style=\"grid-template-columns:49% auto\"><figure class=\"wp-block-media-text__media\"><img loading=\"lazy\" decoding=\"async\" width=\"600\" height=\"600\" src=\"https:\/\/demo.twentig.com\/lutece\/wp-content\/uploads\/sites\/3\/2021\/03\/drinks-04-600x600.jpg\" alt=\"\" class=\"wp-image-26 size-medium\" srcset=\"https:\/\/demo.twentig.com\/lutece\/wp-content\/uploads\/sites\/3\/2021\/03\/drinks-04-600x600.jpg 600w, https:\/\/demo.twentig.com\/lutece\/wp-content\/uploads\/sites\/3\/2021\/03\/drinks-04.jpg 1200w, https:\/\/demo.twentig.com\/lutece\/wp-content\/uploads\/sites\/3\/2021\/03\/drinks-04-150x150.jpg 150w, https:\/\/demo.twentig.com\/lutece\/wp-content\/uploads\/sites\/3\/2021\/03\/drinks-04-768x768.jpg 768w\" sizes=\"auto, (max-width: 600px) 100vw, 600px\" \/><\/figure><div class=\"wp-block-media-text__content\">\n<h2 class=\"tw-heading-dash-bottom wp-block-heading\">Hot drinks<\/h2>\n\n\n\n<figure class=\"wp-block-table is-style-tw-border-h-inner tw-row-valign-top\"><table><tbody><tr><td><strong>Chai latte<\/strong><br><em>Curabitur non mollis lorem, ut posuere<\/em><\/td><td class=\"has-text-align-right\" data-align=\"right\">$5<\/td><\/tr><tr><td><strong>Cappuccino<\/strong><br><em>Vivamus sed risus ac tortor fringilla molestie amet<\/em><\/td><td class=\"has-text-align-right\" data-align=\"right\">$4<\/td><\/tr><tr><td><strong>Chocolat viennois<\/strong><br><em>Sapien eu pellentesque malesuada, tortor leo<\/em><\/td><td class=\"has-text-align-right\" data-align=\"right\">$5<\/td><\/tr><tr><td><strong>Th\u00e9 au jasmin<\/strong><br><em>Nulla vestibulum, tortor vitae porttitor<\/em><\/td><td class=\"has-text-align-right\" data-align=\"right\">$4<\/td><\/tr><\/tbody><\/table><\/figure>\n<\/div><\/div>\n<\/div><\/div>\n","protected":false},"excerpt":{"rendered":"<p>Cocktails Seventy fivePhasellus, et vulputate nulla, in fermentum $10 Kir royalDonec, in ante, elit metus $8 BoulevardierMorbi urna metus, fermentum, vel risus $9 MimosaSuspendisse, ac libero vestibulum, ultrices $8 Soft drinks Limonade framboiseAliquam feugiat, ligula maximus, risus $7 Th\u00e9 glac\u00e9Aenean pretium, maximus varius $6 NojitoAenean condimentum, elit nec, vestibulum diam $6 Jus d&#8217;orange press\u00e9Quis mattis,&hellip; <a class=\"more-link\" href=\"https:\/\/demo.twentig.com\/lutece\/drinks\/\">Continue reading <span class=\"screen-reader-text\">Our drinks<\/span><\/a><\/p>\n","protected":false},"author":3,"featured_media":23,"parent":0,"menu_order":0,"comment_status":"closed","ping_status":"closed","template":"","meta":{"footnotes":""},"class_list":["post-22","page","type-page","status-publish","has-post-thumbnail","hentry","entry"],"_links":{"self":[{"href":"https:\/\/demo.twentig.com\/lutece\/wp-json\/wp\/v2\/pages\/22","targetHints":{"allow":["GET"]}}],"collection":[{"href":"https:\/\/demo.twentig.com\/lutece\/wp-json\/wp\/v2\/pages"}],"about":[{"href":"https:\/\/demo.twentig.com\/lutece\/wp-json\/wp\/v2\/types\/page"}],"author":[{"embeddable":true,"href":"https:\/\/demo.twentig.com\/lutece\/wp-json\/wp\/v2\/users\/3"}],"replies":[{"embeddable":true,"href":"https:\/\/demo.twentig.com\/lutece\/wp-json\/wp\/v2\/comments?post=22"}],"version-history":[{"count":4,"href":"https:\/\/demo.twentig.com\/lutece\/wp-json\/wp\/v2\/pages\/22\/revisions"}],"predecessor-version":[{"id":106,"href":"https:\/\/demo.twentig.com\/lutece\/wp-json\/wp\/v2\/pages\/22\/revisions\/106"}],"wp:featuredmedia":[{"embeddable":true,"href":"https:\/\/demo.twentig.com\/lutece\/wp-json\/wp\/v2\/media\/23"}],"wp:attachment":[{"href":"https:\/\/demo.twentig.com\/lutece\/wp-json\/wp\/v2\/media?parent=22"}],"curies":[{"name":"wp","href":"https:\/\/api.w.org\/{rel}","templated":true}]}}